{"id":134,"date":"2025-04-13T09:21:43","date_gmt":"2025-04-13T09:21:43","guid":{"rendered":"https:\/\/ipadrini.at\/?page_id=134"},"modified":"2025-04-26T11:18:20","modified_gmt":"2025-04-26T11:18:20","slug":"impressum","status":"publish","type":"page","link":"https:\/\/ipadrini.at\/index.php\/impressum\/","title":{"rendered":"Impressum"},"content":{"rendered":"\n<div style=\"height:30px\" aria-hidden=\"true\" class=\"wp-block-spacer\"><\/div>\n\n\n\n<h1 class=\"wp-block-heading has-large-font-size\">Impressum<\/h1>\n\n\n\n<p>Maurizio Nuzzaci<br>Johann-Staud-Stra\u00dfe 52\/2<br>1160 Wien<br>\u00d6sterreich<\/p>\n\n\n\n<p><strong>KONTAKTDATEN<\/strong><br>E-Mail: maurizio@pani-nuzzaci.at<br>Telefon: +43 664 1014678<\/p>\n\n\n\n<p><strong>ONLINE-STREITBEILEGUNG<\/strong><br>Verbraucher haben die M\u00f6glichkeit, Beschwerden an die Online-Streitbeilegungsplattform der EU zu<br>richten: <a href=\"http:\/\/ec.europa.eu\/odr\" target=\"_blank\" rel=\"noreferrer noopener\">http:\/\/ec.europa.eu\/odr<\/a>. Sie k\u00f6nnen allf\u00e4llige Beschwerde auch an die oben angegebene E-Mail-Adresse richten.<\/p>\n\n\n\n<p><strong>URHEBERRECHT<\/strong><br>Die durch die Seitenbetreiber erstellten Inhalte und Werke auf diesen Seiten unterliegen dem \u00f6sterreichischen Urheberrecht. Die Vervielf\u00e4ltigung, Bearbeitung, Verbreitung und jede Art der Verwertung au\u00dferhalb der Grenzen des Urheberrechtes bed\u00fcrfen der schriftlichen Zustimmung des jeweiligen Autors bzw. Erstellers. Downloads und Kopien dieser Seite sind nur f\u00fcr den privaten, nicht kommerziellen Gebrauch gestattet.<\/p>\n\n\n\n<p>Soweit die Inhalte auf dieser Seite nicht vom Betreiber erstellt wurden, werden die Urheberrechte Dritter beachtet. Insbesondere werden Inhalte Dritter als solche gekennzeichnet. Sollten Sie trotzdem auf eine Urheberrechtsverletzung aufmerksam werden, bitten wir um einen entsprechenden Hinweis. Bei Bekanntwerden von Rechtsverletzungen werden wir derartige Inhalte umgehend entfernen.<\/p>\n\n\n\n<p><strong>WEBSEITE<\/strong><br><strong>Web-Design<\/strong><br>Elfo Graphics e.U.<br>Kontakt: office@elfo-graphics.at<br><strong>Webhosting \/ Websitebetreiber<\/strong><br>easyname<br>Canettistra\u00dfe 5\/10<br>1100 Wien<br>Kontakt: 01 3532222<\/p>\n\n\n\n<div style=\"height:30px\" aria-hidden=\"true\" class=\"wp-block-spacer\"><\/div>\n","protected":false},"excerpt":{"rendered":"<p>Impressum Maurizio NuzzaciJohann-Staud-Stra\u00dfe 52\/21160 Wien\u00d6sterreich KONTAKTDATENE-Mail: maurizio@pani-nuzzaci.atTelefon: +43 664 1014678 ONLINE-STREITBEILEGUNGVerbraucher haben die M\u00f6glichkeit, Beschwerden an die Online-Streitbeilegungsplattform der EU [&hellip;]<\/p>\n","protected":false},"author":1,"featured_media":0,"parent":0,"menu_order":0,"comment_status":"closed","ping_status":"closed","template":"","meta":{"_uag_custom_page_level_css":"","site-sidebar-layout":"default","site-content-layout":"","ast-site-content-layout":"","site-content-style":"default","site-sidebar-style":"default","ast-global-header-display":"","ast-banner-title-visibility":"","ast-main-header-display":"","ast-hfb-above-header-display":"","ast-hfb-below-header-display":"","ast-hfb-mobile-header-display":"","site-post-title":"disabled","ast-breadcrumbs-content":"","ast-featured-img":"","footer-sml-layout":"","theme-transparent-header-meta":"","adv-header-id-meta":"","stick-header-meta":"","header-above-stick-meta":"","header-main-stick-meta":"","header-below-stick-meta":"","astra-migrate-meta-layouts":"default","ast-page-background-enabled":"default","ast-page-background-meta":{"desktop":{"background-color":"var(--ast-global-color-5)","background-image":"","background-repeat":"repeat","background-position":"center center","background-size":"auto","background-attachment":"scroll","background-type":"","background-media":"","overlay-type":"","overlay-color":"","overlay-opacity":"","overlay-gradient":""},"tablet":{"background-color":"","background-image":"","background-repeat":"repeat","background-position":"center center","background-size":"auto","background-attachment":"scroll","background-type":"","background-media":"","overlay-type":"","overlay-color":"","overlay-opacity":"","overlay-gradient":""},"mobile":{"background-color":"","background-image":"","background-repeat":"repeat","background-position":"center center","background-size":"auto","background-attachment":"scroll","background-type":"","background-media":"","overlay-type":"","overlay-color":"","overlay-opacity":"","overlay-gradient":""}},"ast-content-background-meta":{"desktop":{"background-color":"var(--ast-global-color-4)","background-image":"","background-repeat":"repeat","background-position":"center center","background-size":"auto","background-attachment":"scroll","background-type":"","background-media":"","overlay-type":"","overlay-color":"","overlay-opacity":"","overlay-gradient":""},"tablet":{"background-color":"var(--ast-global-color-4)","background-image":"","background-repeat":"repeat","background-position":"center center","background-size":"auto","background-attachment":"scroll","background-type":"","background-media":"","overlay-type":"","overlay-color":"","overlay-opacity":"","overlay-gradient":""},"mobile":{"background-color":"var(--ast-global-color-4)","background-image":"","background-repeat":"repeat","background-position":"center center","background-size":"auto","background-attachment":"scroll","background-type":"","background-media":"","overlay-type":"","overlay-color":"","overlay-opacity":"","overlay-gradient":""}},"footnotes":""},"class_list":["post-134","page","type-page","status-publish","hentry"],"yoast_head":"<!-- This site is optimized with the Yoast SEO plugin v24.8.1 - https:\/\/yoast.com\/wordpress\/plugins\/seo\/ -->\n<title>Impressum - I Padrini<\/title>\n<meta name=\"robots\" content=\"index, follow, max-snippet:-1, max-image-preview:large, max-video-preview:-1\" \/>\n<link rel=\"canonical\" href=\"https:\/\/ipadrini.at\/index.php\/impressum\/\" \/>\n<meta property=\"og:locale\" content=\"de_DE\" \/>\n<meta property=\"og:type\" content=\"article\" \/>\n<meta property=\"og:title\" content=\"Impressum - I Padrini\" \/>\n<meta property=\"og:description\" content=\"Impressum Maurizio NuzzaciJohann-Staud-Stra\u00dfe 52\/21160 Wien\u00d6sterreich KONTAKTDATENE-Mail: maurizio@pani-nuzzaci.atTelefon: +43 664 1014678 ONLINE-STREITBEILEGUNGVerbraucher haben die M\u00f6glichkeit, Beschwerden an die Online-Streitbeilegungsplattform der EU [&hellip;]\" \/>\n<meta property=\"og:url\" content=\"https:\/\/ipadrini.at\/index.php\/impressum\/\" \/>\n<meta property=\"og:site_name\" content=\"I Padrini\" \/>\n<meta property=\"article:modified_time\" content=\"2025-04-26T11:18:20+00:00\" \/>\n<meta name=\"twitter:card\" content=\"summary_large_image\" \/>\n<meta name=\"twitter:label1\" content=\"Gesch\u00e4tzte Lesezeit\" \/>\n\t<meta name=\"twitter:data1\" content=\"1\u00a0Minute\" \/>\n<script type=\"application\/ld+json\" class=\"yoast-schema-graph\">{\"@context\":\"https:\/\/schema.org\",\"@graph\":[{\"@type\":\"WebPage\",\"@id\":\"https:\/\/ipadrini.at\/index.php\/impressum\/\",\"url\":\"https:\/\/ipadrini.at\/index.php\/impressum\/\",\"name\":\"Impressum - I Padrini\",\"isPartOf\":{\"@id\":\"https:\/\/ipadrini.at\/#website\"},\"datePublished\":\"2025-04-13T09:21:43+00:00\",\"dateModified\":\"2025-04-26T11:18:20+00:00\",\"breadcrumb\":{\"@id\":\"https:\/\/ipadrini.at\/index.php\/impressum\/#breadcrumb\"},\"inLanguage\":\"de\",\"potentialAction\":[{\"@type\":\"ReadAction\",\"target\":[\"https:\/\/ipadrini.at\/index.php\/impressum\/\"]}]},{\"@type\":\"BreadcrumbList\",\"@id\":\"https:\/\/ipadrini.at\/index.php\/impressum\/#breadcrumb\",\"itemListElement\":[{\"@type\":\"ListItem\",\"position\":1,\"name\":\"Startseite\",\"item\":\"https:\/\/ipadrini.at\/\"},{\"@type\":\"ListItem\",\"position\":2,\"name\":\"Impressum\"}]},{\"@type\":\"WebSite\",\"@id\":\"https:\/\/ipadrini.at\/#website\",\"url\":\"https:\/\/ipadrini.at\/\",\"name\":\"I Padrini - Solo musica italiana\",\"description\":\"Solo musica italiana\",\"publisher\":{\"@id\":\"https:\/\/ipadrini.at\/#organization\"},\"potentialAction\":[{\"@type\":\"SearchAction\",\"target\":{\"@type\":\"EntryPoint\",\"urlTemplate\":\"https:\/\/ipadrini.at\/?s={search_term_string}\"},\"query-input\":{\"@type\":\"PropertyValueSpecification\",\"valueRequired\":true,\"valueName\":\"search_term_string\"}}],\"inLanguage\":\"de\"},{\"@type\":\"Organization\",\"@id\":\"https:\/\/ipadrini.at\/#organization\",\"name\":\"I Padrini\",\"url\":\"https:\/\/ipadrini.at\/\",\"logo\":{\"@type\":\"ImageObject\",\"inLanguage\":\"de\",\"@id\":\"https:\/\/ipadrini.at\/#\/schema\/logo\/image\/\",\"url\":\"https:\/\/ipadrini.at\/wp-content\/uploads\/2025\/03\/I-Padrini-Logo-free.png\",\"contentUrl\":\"https:\/\/ipadrini.at\/wp-content\/uploads\/2025\/03\/I-Padrini-Logo-free.png\",\"width\":1819,\"height\":1447,\"caption\":\"I Padrini\"},\"image\":{\"@id\":\"https:\/\/ipadrini.at\/#\/schema\/logo\/image\/\"}}]}<\/script>\n<!-- \/ Yoast SEO plugin. -->","yoast_head_json":{"title":"Impressum - I Padrini","robots":{"index":"index","follow":"follow","max-snippet":"max-snippet:-1","max-image-preview":"max-image-preview:large","max-video-preview":"max-video-preview:-1"},"canonical":"https:\/\/ipadrini.at\/index.php\/impressum\/","og_locale":"de_DE","og_type":"article","og_title":"Impressum - I Padrini","og_description":"Impressum Maurizio NuzzaciJohann-Staud-Stra\u00dfe 52\/21160 Wien\u00d6sterreich KONTAKTDATENE-Mail: maurizio@pani-nuzzaci.atTelefon: +43 664 1014678 ONLINE-STREITBEILEGUNGVerbraucher haben die M\u00f6glichkeit, Beschwerden an die Online-Streitbeilegungsplattform der EU [&hellip;]","og_url":"https:\/\/ipadrini.at\/index.php\/impressum\/","og_site_name":"I Padrini","article_modified_time":"2025-04-26T11:18:20+00:00","twitter_card":"summary_large_image","twitter_misc":{"Gesch\u00e4tzte Lesezeit":"1\u00a0Minute"},"schema":{"@context":"https:\/\/schema.org","@graph":[{"@type":"WebPage","@id":"https:\/\/ipadrini.at\/index.php\/impressum\/","url":"https:\/\/ipadrini.at\/index.php\/impressum\/","name":"Impressum - I Padrini","isPartOf":{"@id":"https:\/\/ipadrini.at\/#website"},"datePublished":"2025-04-13T09:21:43+00:00","dateModified":"2025-04-26T11:18:20+00:00","breadcrumb":{"@id":"https:\/\/ipadrini.at\/index.php\/impressum\/#breadcrumb"},"inLanguage":"de","potentialAction":[{"@type":"ReadAction","target":["https:\/\/ipadrini.at\/index.php\/impressum\/"]}]},{"@type":"BreadcrumbList","@id":"https:\/\/ipadrini.at\/index.php\/impressum\/#breadcrumb","itemListElement":[{"@type":"ListItem","position":1,"name":"Startseite","item":"https:\/\/ipadrini.at\/"},{"@type":"ListItem","position":2,"name":"Impressum"}]},{"@type":"WebSite","@id":"https:\/\/ipadrini.at\/#website","url":"https:\/\/ipadrini.at\/","name":"I Padrini - Solo musica italiana","description":"Solo musica italiana","publisher":{"@id":"https:\/\/ipadrini.at\/#organization"},"potentialAction":[{"@type":"SearchAction","target":{"@type":"EntryPoint","urlTemplate":"https:\/\/ipadrini.at\/?s={search_term_string}"},"query-input":{"@type":"PropertyValueSpecification","valueRequired":true,"valueName":"search_term_string"}}],"inLanguage":"de"},{"@type":"Organization","@id":"https:\/\/ipadrini.at\/#organization","name":"I Padrini","url":"https:\/\/ipadrini.at\/","logo":{"@type":"ImageObject","inLanguage":"de","@id":"https:\/\/ipadrini.at\/#\/schema\/logo\/image\/","url":"https:\/\/ipadrini.at\/wp-content\/uploads\/2025\/03\/I-Padrini-Logo-free.png","contentUrl":"https:\/\/ipadrini.at\/wp-content\/uploads\/2025\/03\/I-Padrini-Logo-free.png","width":1819,"height":1447,"caption":"I Padrini"},"image":{"@id":"https:\/\/ipadrini.at\/#\/schema\/logo\/image\/"}}]}},"uagb_featured_image_src":{"full":false,"thumbnail":false,"medium":false,"medium_large":false,"large":false,"1536x1536":false,"2048x2048":false},"uagb_author_info":{"display_name":"admin","author_link":"https:\/\/ipadrini.at\/index.php\/author\/ipadrini\/"},"uagb_comment_info":0,"uagb_excerpt":"Impressum Maurizio NuzzaciJohann-Staud-Stra\u00dfe 52\/21160 Wien\u00d6sterreich KONTAKTDATENE-Mail: maurizio@pani-nuzzaci.atTelefon: +43 664 1014678 ONLINE-STREITBEILEGUNGVerbraucher haben die M\u00f6glichkeit, Beschwerden an die Online-Streitbeilegungsplattform der EU [&hellip;]","_links":{"self":[{"href":"https:\/\/ipadrini.at\/index.php\/wp-json\/wp\/v2\/pages\/134","targetHints":{"allow":["GET"]}}],"collection":[{"href":"https:\/\/ipadrini.at\/index.php\/wp-json\/wp\/v2\/pages"}],"about":[{"href":"https:\/\/ipadrini.at\/index.php\/wp-json\/wp\/v2\/types\/page"}],"author":[{"embeddable":true,"href":"https:\/\/ipadrini.at\/index.php\/wp-json\/wp\/v2\/users\/1"}],"replies":[{"embeddable":true,"href":"https:\/\/ipadrini.at\/index.php\/wp-json\/wp\/v2\/comments?post=134"}],"version-history":[{"count":2,"href":"https:\/\/ipadrini.at\/index.php\/wp-json\/wp\/v2\/pages\/134\/revisions"}],"predecessor-version":[{"id":250,"href":"https:\/\/ipadrini.at\/index.php\/wp-json\/wp\/v2\/pages\/134\/revisions\/250"}],"wp:attachment":[{"href":"https:\/\/ipadrini.at\/index.php\/wp-json\/wp\/v2\/media?parent=134"}],"curies":[{"name":"wp","href":"https:\/\/api.w.org\/{rel}","templated":true}]}}